{"id":8761,"date":"2026-02-06T12:33:46","date_gmt":"2026-02-06T11:33:46","guid":{"rendered":"https:\/\/yb2023.psychold.de\/?post_type=product&#038;p=8761"},"modified":"2026-04-23T13:00:55","modified_gmt":"2026-04-23T11:00:55","slug":"yachtbeach-multi-dock-single-2-05-2-05m-x-2-05m","status":"publish","type":"product","link":"https:\/\/testing.theyachtbeach.de\/de\/produkt\/yachtbeach-multi-dock-single-2-05-2-05m-x-2-05m\/","title":{"rendered":"Yachtbeach Multi Dock Single 2.05  2.05m x 2.05m"},"content":{"rendered":"<p>Einzeldock und Liege in einem Produkt. Geeignet zum einfachen Abstellen von\u00a0<strong>einem<\/strong>\u00a0Seabobs oder iAqua, Jetsurf Boards, Awake Boards, Radinn Boards, Fliteboards, Lift Boards, Magicsurf Boards, Onean Boards, esurf Boards or Lampuga Boards. Neben Parkpl\u00e4tzen bietet es auch eine\u00a0<strong>super bequeme<\/strong>\u00a0lounge function for 1 people.<\/p>\n<p>It can also be used and attached in the luxury pool. It is noteworthy that the Yachtbeach Single Dock and Lounger can be\u00a0<strong>aufgeblasen werden k\u00f6nnen,<\/strong>\u00a0kombinierbar und variabel mit allen Yachtbeach 4.1 &amp; 3.0 Plattformen und Luxuspools mittels Griff\u00a0<strong>Verbindungs System.<\/strong>Sch\u00f6ne, angenehme, rutschfeste und strapazierf\u00e4hige Oberfl\u00e4che aus EVA in Teak-Optik.<\/p>","protected":false},"excerpt":{"rendered":"<p>Single Dock and Lounger in one product. Suitable for easy parking of\u00a0up to 1\u00a0Seabobs or iAqua, Jetsurf Boards, Awake Boards, Radinn Boards, Fliteboards, Lift Boards, Magicsurf Boards, Onean Boards, esurf Boards or Lampuga Boards. In addition to parking, it also offers a\u00a0super comfortable\u00a0lounge function for 1 people. It can also be used and attached in [&hellip;]<\/p>\n","protected":false},"featured_media":12196,"template":"","meta":{"_seopress_robots_primary_cat":"none","_seopress_titles_title":"","_seopress_titles_desc":"","_seopress_robots_index":""},"product_brand":[],"product_cat":[202],"product_tag":[209,211,204,217,213,208,210,218,214,203,193,215,216,212,205,201,207,189,206,188],"class_list":{"0":"post-8761","1":"product","2":"type-product","3":"status-publish","4":"has-post-thumbnail","6":"product_cat-docks","7":"product_tag-amazea-dock","8":"product_tag-awake-dock","9":"product_tag-dock-for-seabobs","10":"product_tag-esurf-dock","11":"product_tag-fliteboard-dock","12":"product_tag-iaqua-dock","13":"product_tag-jetsurf-dock","14":"product_tag-lampuga-dock","15":"product_tag-lift-board-dock","16":"product_tag-lounger","17":"product_tag-luxury-yacht","18":"product_tag-magicsurf-dock","19":"product_tag-onean-dock","20":"product_tag-radinn-dock","21":"product_tag-seabob-docking-station","22":"product_tag-superyacht-fun","23":"product_tag-superyachttoys","24":"product_tag-yachtfun","25":"product_tag-yachts","26":"product_tag-yachttoys","28":"first","29":"instock","30":"taxable","31":"shipping-taxable","32":"purchasable","33":"product-type-simple"},"_links":{"self":[{"href":"https:\/\/testing.theyachtbeach.de\/de\/wp-json\/wp\/v2\/product\/8761","targetHints":{"allow":["GET"]}}],"collection":[{"href":"https:\/\/testing.theyachtbeach.de\/de\/wp-json\/wp\/v2\/product"}],"about":[{"href":"https:\/\/testing.theyachtbeach.de\/de\/wp-json\/wp\/v2\/types\/product"}],"version-history":[{"count":0,"href":"https:\/\/testing.theyachtbeach.de\/de\/wp-json\/wp\/v2\/product\/8761\/revisions"}],"wp:featuredmedia":[{"embeddable":true,"href":"https:\/\/testing.theyachtbeach.de\/de\/wp-json\/wp\/v2\/media\/12196"}],"wp:attachment":[{"href":"https:\/\/testing.theyachtbeach.de\/de\/wp-json\/wp\/v2\/media?parent=8761"}],"wp:term":[{"taxonomy":"product_brand","embeddable":true,"href":"https:\/\/testing.theyachtbeach.de\/de\/wp-json\/wp\/v2\/product_brand?post=8761"},{"taxonomy":"product_cat","embeddable":true,"href":"https:\/\/testing.theyachtbeach.de\/de\/wp-json\/wp\/v2\/product_cat?post=8761"},{"taxonomy":"product_tag","embeddable":true,"href":"https:\/\/testing.theyachtbeach.de\/de\/wp-json\/wp\/v2\/product_tag?post=8761"}],"curies":[{"name":"wp","href":"https:\/\/api.w.org\/{rel}","templated":true}]}}